{"id":2,"date":"2016-05-10T03:48:21","date_gmt":"2016-05-10T03:48:21","guid":{"rendered":"https:\/\/experience-reloaded.de\/?page_id=2"},"modified":"2025-10-26T13:21:30","modified_gmt":"2025-10-26T12:21:30","slug":"sample-page","status":"publish","type":"page","link":"https:\/\/experience-reloaded.de\/?page_id=2","title":{"rendered":"Merchandising Shop"},"content":{"rendered":"<p><strong>Werbeartikel, die helfen und in Erinnerung bleiben!<\/strong><\/p>\n<p>Mit jedem Kauf in unserem Shop helfen Sie direkt einem gemeinn\u00fctzigem Verein. Um genau zu sein Kindern, die durch diesen tollen Verein unterst\u00fctzt werden. Unsere Mission ist es, durch den Verkauf unserer Produkte einen positiven Unterschied im Leben dieser Kinder zu machen.<\/p>\n<p><strong>Ein Teil jedes Verkaufs geht an diese Organisation.<\/strong><\/p>\n<p>Machen Sie mit und helfen Sie uns, die Welt f\u00fcr Kinder ein St\u00fcck besser zu machen. <strong>Jeder Kauf z\u00e4hlt!<\/strong><\/p>\n<p><img fetchpriority=\"high\" decoding=\"async\" class=\"alignnone size-medium wp-image-104\" src=\"http:\/\/experience-reloaded.de\/wp-content\/uploads\/2024\/07\/IMG_8546-300x225.jpg\" alt=\"\" width=\"300\" height=\"225\" srcset=\"https:\/\/experience-reloaded.de\/wp-content\/uploads\/2024\/07\/IMG_8546-300x225.jpg 300w, https:\/\/experience-reloaded.de\/wp-content\/uploads\/2024\/07\/IMG_8546-1024x768.jpg 1024w, https:\/\/experience-reloaded.de\/wp-content\/uploads\/2024\/07\/IMG_8546-768x576.jpg 768w, https:\/\/experience-reloaded.de\/wp-content\/uploads\/2024\/07\/IMG_8546-1536x1152.jpg 1536w, https:\/\/experience-reloaded.de\/wp-content\/uploads\/2024\/07\/IMG_8546-2048x1536.jpg 2048w, https:\/\/experience-reloaded.de\/wp-content\/uploads\/2024\/07\/IMG_8546-1240x930.jpg 1240w, https:\/\/experience-reloaded.de\/wp-content\/uploads\/2024\/07\/IMG_8546-508x381.jpg 508w\" sizes=\"(max-width: 300px) 100vw, 300px\" \/><img decoding=\"async\" class=\"alignnone size-medium wp-image-105\" src=\"http:\/\/experience-reloaded.de\/wp-content\/uploads\/2024\/07\/IMG_8610-300x225.jpg\" alt=\"\" width=\"300\" height=\"225\" srcset=\"https:\/\/experience-reloaded.de\/wp-content\/uploads\/2024\/07\/IMG_8610-300x225.jpg 300w, https:\/\/experience-reloaded.de\/wp-content\/uploads\/2024\/07\/IMG_8610-1024x768.jpg 1024w, https:\/\/experience-reloaded.de\/wp-content\/uploads\/2024\/07\/IMG_8610-768x576.jpg 768w, https:\/\/experience-reloaded.de\/wp-content\/uploads\/2024\/07\/IMG_8610-1536x1152.jpg 1536w, https:\/\/experience-reloaded.de\/wp-content\/uploads\/2024\/07\/IMG_8610-2048x1536.jpg 2048w, https:\/\/experience-reloaded.de\/wp-content\/uploads\/2024\/07\/IMG_8610-1240x930.jpg 1240w, https:\/\/experience-reloaded.de\/wp-content\/uploads\/2024\/07\/IMG_8610-508x381.jpg 508w\" sizes=\"(max-width: 300px) 100vw, 300px\" \/><img decoding=\"async\" class=\"alignnone size-medium wp-image-106\" src=\"http:\/\/experience-reloaded.de\/wp-content\/uploads\/2024\/07\/11f4914b-ca91-4d05-933d-665c417ad8f7-225x300.jpg\" alt=\"\" width=\"225\" height=\"300\" srcset=\"https:\/\/experience-reloaded.de\/wp-content\/uploads\/2024\/07\/11f4914b-ca91-4d05-933d-665c417ad8f7-225x300.jpg 225w, https:\/\/experience-reloaded.de\/wp-content\/uploads\/2024\/07\/11f4914b-ca91-4d05-933d-665c417ad8f7-768x1024.jpg 768w, https:\/\/experience-reloaded.de\/wp-content\/uploads\/2024\/07\/11f4914b-ca91-4d05-933d-665c417ad8f7-508x677.jpg 508w, https:\/\/experience-reloaded.de\/wp-content\/uploads\/2024\/07\/11f4914b-ca91-4d05-933d-665c417ad8f7.jpg 1104w\" sizes=\"(max-width: 225px) 100vw, 225px\" \/><\/p>\n<p>Unsere stylischen Sonnenbrillen k\u00f6nnt ihr in vielen verschiedenen Farben f\u00fcr <strong>20<\/strong><strong>,00 EURO<\/strong> (zu einem Treffen kosten sie nur 15,00 EURO) bekommen.<\/p>\n<p><img loading=\"lazy\" decoding=\"async\" class=\"alignnone size-medium wp-image-223\" src=\"http:\/\/experience-reloaded.de\/wp-content\/uploads\/2024\/08\/E82D7EF8-617F-42B1-ACBB-EA5037244E44-280x300.jpg\" alt=\"\" width=\"280\" height=\"300\" srcset=\"https:\/\/experience-reloaded.de\/wp-content\/uploads\/2024\/08\/E82D7EF8-617F-42B1-ACBB-EA5037244E44-280x300.jpg 280w, https:\/\/experience-reloaded.de\/wp-content\/uploads\/2024\/08\/E82D7EF8-617F-42B1-ACBB-EA5037244E44-955x1024.jpg 955w, https:\/\/experience-reloaded.de\/wp-content\/uploads\/2024\/08\/E82D7EF8-617F-42B1-ACBB-EA5037244E44-768x823.jpg 768w, https:\/\/experience-reloaded.de\/wp-content\/uploads\/2024\/08\/E82D7EF8-617F-42B1-ACBB-EA5037244E44-1433x1536.jpg 1433w, https:\/\/experience-reloaded.de\/wp-content\/uploads\/2024\/08\/E82D7EF8-617F-42B1-ACBB-EA5037244E44-1240x1330.jpg 1240w, https:\/\/experience-reloaded.de\/wp-content\/uploads\/2024\/08\/E82D7EF8-617F-42B1-ACBB-EA5037244E44-508x545.jpg 508w, https:\/\/experience-reloaded.de\/wp-content\/uploads\/2024\/08\/E82D7EF8-617F-42B1-ACBB-EA5037244E44.jpg 1910w\" sizes=\"(max-width: 280px) 100vw, 280px\" \/><\/p>\n<p>Unsere kleinen silbernen, mit unserem Logo gravierten Schl\u00fcsselanh\u00e4nger erhaltet ihr f\u00fcr <strong>15,00 EURO<\/strong> (zu einem Treffen kosten sie nur 10,00 EURO).<\/p>\n<p><img loading=\"lazy\" decoding=\"async\" class=\"alignnone size-medium wp-image-224\" src=\"http:\/\/experience-reloaded.de\/wp-content\/uploads\/2024\/08\/FE5C1620-072F-4057-9165-B4676539B318-225x300.jpg\" alt=\"\" width=\"225\" height=\"300\" srcset=\"https:\/\/experience-reloaded.de\/wp-content\/uploads\/2024\/08\/FE5C1620-072F-4057-9165-B4676539B318-225x300.jpg 225w, https:\/\/experience-reloaded.de\/wp-content\/uploads\/2024\/08\/FE5C1620-072F-4057-9165-B4676539B318-768x1024.jpg 768w, https:\/\/experience-reloaded.de\/wp-content\/uploads\/2024\/08\/FE5C1620-072F-4057-9165-B4676539B318-1152x1536.jpg 1152w, https:\/\/experience-reloaded.de\/wp-content\/uploads\/2024\/08\/FE5C1620-072F-4057-9165-B4676539B318-1240x1653.jpg 1240w, https:\/\/experience-reloaded.de\/wp-content\/uploads\/2024\/08\/FE5C1620-072F-4057-9165-B4676539B318-508x677.jpg 508w, https:\/\/experience-reloaded.de\/wp-content\/uploads\/2024\/08\/FE5C1620-072F-4057-9165-B4676539B318.jpg 1536w\" sizes=\"(max-width: 225px) 100vw, 225px\" \/><\/p>\n<p><strong><em>HANDMADE<\/em><\/strong><\/p>\n<p>Unsere gro\u00dfen Schl\u00fcsselanh\u00e4nger aus Schiffstau (erh\u00e4ltlich in verschiedenen Farben) mit dem gravierten Mittelst\u00fcck mit unserem Logo und einer gravierten Endkappe mit dem Spruch &#8222;Bestes Team der Welt&#8220; erhaltet ihr bei uns f\u00fcr <strong>30,00 EURO\u00a0<\/strong>(zu einem Treffen k\u00f6nnt ihr diese f\u00fcr 25,00 EURO erhalten)<\/p>\n<p><img loading=\"lazy\" decoding=\"async\" class=\"alignnone size-medium wp-image-225\" src=\"http:\/\/experience-reloaded.de\/wp-content\/uploads\/2024\/08\/F566D3E6-4503-47FE-900F-6A74E5546859-300x169.jpg\" alt=\"\" width=\"300\" height=\"169\" srcset=\"https:\/\/experience-reloaded.de\/wp-content\/uploads\/2024\/08\/F566D3E6-4503-47FE-900F-6A74E5546859-300x169.jpg 300w, https:\/\/experience-reloaded.de\/wp-content\/uploads\/2024\/08\/F566D3E6-4503-47FE-900F-6A74E5546859-1024x576.jpg 1024w, https:\/\/experience-reloaded.de\/wp-content\/uploads\/2024\/08\/F566D3E6-4503-47FE-900F-6A74E5546859-768x432.jpg 768w, https:\/\/experience-reloaded.de\/wp-content\/uploads\/2024\/08\/F566D3E6-4503-47FE-900F-6A74E5546859-1536x864.jpg 1536w, https:\/\/experience-reloaded.de\/wp-content\/uploads\/2024\/08\/F566D3E6-4503-47FE-900F-6A74E5546859-1240x698.jpg 1240w, https:\/\/experience-reloaded.de\/wp-content\/uploads\/2024\/08\/F566D3E6-4503-47FE-900F-6A74E5546859-508x286.jpg 508w, https:\/\/experience-reloaded.de\/wp-content\/uploads\/2024\/08\/F566D3E6-4503-47FE-900F-6A74E5546859.jpg 2048w\" sizes=\"(max-width: 300px) 100vw, 300px\" \/><img loading=\"lazy\" decoding=\"async\" class=\"alignnone size-medium wp-image-226\" src=\"http:\/\/experience-reloaded.de\/wp-content\/uploads\/2024\/08\/D7170E69-8B13-4A4C-BC95-6EA0B630B910-169x300.jpg\" alt=\"\" width=\"169\" height=\"300\" srcset=\"https:\/\/experience-reloaded.de\/wp-content\/uploads\/2024\/08\/D7170E69-8B13-4A4C-BC95-6EA0B630B910-169x300.jpg 169w, https:\/\/experience-reloaded.de\/wp-content\/uploads\/2024\/08\/D7170E69-8B13-4A4C-BC95-6EA0B630B910-576x1024.jpg 576w, https:\/\/experience-reloaded.de\/wp-content\/uploads\/2024\/08\/D7170E69-8B13-4A4C-BC95-6EA0B630B910-768x1365.jpg 768w, https:\/\/experience-reloaded.de\/wp-content\/uploads\/2024\/08\/D7170E69-8B13-4A4C-BC95-6EA0B630B910-864x1536.jpg 864w, https:\/\/experience-reloaded.de\/wp-content\/uploads\/2024\/08\/D7170E69-8B13-4A4C-BC95-6EA0B630B910-508x903.jpg 508w, https:\/\/experience-reloaded.de\/wp-content\/uploads\/2024\/08\/D7170E69-8B13-4A4C-BC95-6EA0B630B910.jpg 1152w\" sizes=\"(max-width: 169px) 100vw, 169px\" \/><\/p>\n<p>Unsere schlichten, aber stabilen Handyketten bekommt ihr bei uns f\u00fcr <strong>20,00 EURO\u00a0<\/strong>(zu einem Treffen erhaltet ihr diese f\u00fcr 15,00 EURO). Hier k\u00f6nnt ihr auch wieder zwischen verschiedenen Farben w\u00e4hlen und unser mit dem Logo gravierter Anh\u00e4nger ist bereits dran.<\/p>\n<p>Schreibt uns einfach eine Mail an <a href=\"mailto:info@experience-reloaded.de\">info@experience-reloaded.de<\/a><\/p>\n<p><!--more--><\/p>\n","protected":false},"excerpt":{"rendered":"<p>Werbeartikel, die helfen und in Erinnerung bleiben! Mit jedem Kauf in unserem Shop helfen Sie direkt einem gemeinn\u00fctzigem Verein. Um genau zu sein Kindern, die &hellip;<\/p>\n","protected":false},"author":3,"featured_media":249,"parent":0,"menu_order":0,"comment_status":"closed","ping_status":"open","template":"","meta":{"footnotes":""},"class_list":["post-2","page","type-page","status-publish","has-post-thumbnail","hentry"],"aioseo_notices":[],"jetpack_sharing_enabled":true,"_links":{"self":[{"href":"https:\/\/experience-reloaded.de\/index.php?rest_route=\/wp\/v2\/pages\/2","targetHints":{"allow":["GET"]}}],"collection":[{"href":"https:\/\/experience-reloaded.de\/index.php?rest_route=\/wp\/v2\/pages"}],"about":[{"href":"https:\/\/experience-reloaded.de\/index.php?rest_route=\/wp\/v2\/types\/page"}],"author":[{"embeddable":true,"href":"https:\/\/experience-reloaded.de\/index.php?rest_route=\/wp\/v2\/users\/3"}],"replies":[{"embeddable":true,"href":"https:\/\/experience-reloaded.de\/index.php?rest_route=%2Fwp%2Fv2%2Fcomments&post=2"}],"version-history":[{"count":9,"href":"https:\/\/experience-reloaded.de\/index.php?rest_route=\/wp\/v2\/pages\/2\/revisions"}],"predecessor-version":[{"id":511,"href":"https:\/\/experience-reloaded.de\/index.php?rest_route=\/wp\/v2\/pages\/2\/revisions\/511"}],"wp:featuredmedia":[{"embeddable":true,"href":"https:\/\/experience-reloaded.de\/index.php?rest_route=\/wp\/v2\/media\/249"}],"wp:attachment":[{"href":"https:\/\/experience-reloaded.de\/index.php?rest_route=%2Fwp%2Fv2%2Fmedia&parent=2"}],"curies":[{"name":"wp","href":"https:\/\/api.w.org\/{rel}","templated":true}]}}