{"id":35,"date":"2024-07-15T18:11:58","date_gmt":"2024-07-15T18:11:58","guid":{"rendered":"https:\/\/experience-reloaded.de\/?page_id=35"},"modified":"2025-10-26T13:20:39","modified_gmt":"2025-10-26T12:20:39","slug":"downloads","status":"publish","type":"page","link":"https:\/\/experience-reloaded.de\/?page_id=35","title":{"rendered":"Downloads"},"content":{"rendered":"\n<p><a href=\"http:\/\/experience-reloaded.de\/wp-content\/uploads\/2024\/07\/Satzung-nicht-gemeinnuetziger-eV.pdf\" title=\"\"><mark style=\"background-color:rgba(0, 0, 0, 0)\" class=\"has-inline-color has-black-color\">Satzung<\/mark><\/a><\/p>\n\n\n\n<p><mark style=\"background-color:rgba(0, 0, 0, 0)\" class=\"has-inline-color has-black-color\"><a href=\"http:\/\/experience-reloaded.de\/wp-content\/uploads\/2024\/08\/Beitragsordnung.pdf\">Beitragsordnung<\/a><\/mark><\/p>\n\n\n\n<div data-wp-interactive=\"core\/file\" class=\"wp-block-file\"><object data-wp-bind--hidden=\"!state.hasPdfPreview\" hidden class=\"wp-block-file__embed\" data=\"http:\/\/experience-reloaded.de\/wp-content\/uploads\/2025\/08\/Aufnahmeantrag.pdf\" type=\"application\/pdf\" style=\"width:100%;height:600px\" aria-label=\"Einbettung von Aufnahmeantrag.\"><\/object><a id=\"wp-block-file--media-cf4ab259-bf28-42ae-b9fe-631faf214655\" href=\"http:\/\/experience-reloaded.de\/wp-content\/uploads\/2025\/08\/Aufnahmeantrag.pdf\">Aufnahmeantrag<\/a><a href=\"http:\/\/experience-reloaded.de\/wp-content\/uploads\/2025\/08\/Aufnahmeantrag.pdf\" class=\"wp-block-file__button wp-element-button\" download aria-describedby=\"wp-block-file--media-cf4ab259-bf28-42ae-b9fe-631faf214655\">Herunterladen<\/a><\/div>\n\n\n\n<p>Den ausgef\u00fcllten Aufnahmeantrag bitte an <strong>info@experience-reloaded.de<\/strong> zur\u00fccksenden. Der Vorstand entscheidet dann \u00fcber die Aufnahme und meldet sich bei dir.<\/p>\n","protected":false},"excerpt":{"rendered":"<p>Satzung Beitragsordnung Den ausgef\u00fcllten Aufnahmeantrag bitte an info@experience-reloaded.de zur\u00fccksenden. Der Vorstand entscheidet dann \u00fcber die Aufnahme und meldet sich bei dir.<\/p>\n","protected":false},"author":3,"featured_media":0,"parent":0,"menu_order":0,"comment_status":"closed","ping_status":"closed","template":"","meta":{"footnotes":""},"class_list":["post-35","page","type-page","status-publish","hentry"],"aioseo_notices":[],"jetpack_sharing_enabled":true,"_links":{"self":[{"href":"https:\/\/experience-reloaded.de\/index.php?rest_route=\/wp\/v2\/pages\/35","targetHints":{"allow":["GET"]}}],"collection":[{"href":"https:\/\/experience-reloaded.de\/index.php?rest_route=\/wp\/v2\/pages"}],"about":[{"href":"https:\/\/experience-reloaded.de\/index.php?rest_route=\/wp\/v2\/types\/page"}],"author":[{"embeddable":true,"href":"https:\/\/experience-reloaded.de\/index.php?rest_route=\/wp\/v2\/users\/3"}],"replies":[{"embeddable":true,"href":"https:\/\/experience-reloaded.de\/index.php?rest_route=%2Fwp%2Fv2%2Fcomments&post=35"}],"version-history":[{"count":15,"href":"https:\/\/experience-reloaded.de\/index.php?rest_route=\/wp\/v2\/pages\/35\/revisions"}],"predecessor-version":[{"id":858,"href":"https:\/\/experience-reloaded.de\/index.php?rest_route=\/wp\/v2\/pages\/35\/revisions\/858"}],"wp:attachment":[{"href":"https:\/\/experience-reloaded.de\/index.php?rest_route=%2Fwp%2Fv2%2Fmedia&parent=35"}],"curies":[{"name":"wp","href":"https:\/\/api.w.org\/{rel}","templated":true}]}}