{"id":39,"date":"2024-07-15T18:12:41","date_gmt":"2024-07-15T18:12:41","guid":{"rendered":"https:\/\/experience-reloaded.de\/?page_id=39"},"modified":"2026-03-03T16:01:29","modified_gmt":"2026-03-03T15:01:29","slug":"ueber-uns","status":"publish","type":"page","link":"https:\/\/experience-reloaded.de\/?page_id=39","title":{"rendered":"\u00dcber uns"},"content":{"rendered":"\n<h2 class=\"wp-block-heading alignwide\" id=\"we-re-a-studio-in-berlin-with-an-international-practice-in-architecture-urban-planning-and-interior-design-we-believe-in-sharing-knowledge-and-promoting-dialogue-to-increase-the-creative-potential-of-collaboration\" style=\"font-size:48px;line-height:1.1\"><strong>Werde Teil unserer leidenschaftlichen Ford Tourneo Transit Custom Community!<\/strong><\/h2>\n\n\n\n<p>Bei dem <strong>Ford Automobilclub Experience Reloaded<\/strong> spr\u00fchen wir vor Begeisterung f\u00fcr Innovation, Technologie und Kreativit\u00e4t! Unsere vielf\u00e4ltige Gemeinschaft lebt den Austausch, w\u00e4chst gemeinsam und feiert die Freude an unvergesslichen Ausfahrten und Events in freundschaftlicher Runde. Egal, ob du ein erfahrener Fan oder ein neugieriger Neuling bist \u2013 deine einzigartige Perspektive bereichert uns!<\/p>\n\n\n\n<p><strong>Warum du mitmachen solltest?<\/strong><br>Wir sind mehr als nur ein Verein \u2013 wir sind eine Gemeinschaft, die die Liebe zu Ford Tourneo Transit Custom Bussen mit einem gro\u00dfen Herzen f\u00fcr den guten Zweck verbindet! Auf jedem unserer Treffen findest du neue Inspiration zum Tuning \/ Individualisierung eines Ford Tourneo Transit Custom, es erwarten dich interessante Gespr\u00e4che, bei denen Erfahrungen ausgetauscht werden und du wirst bei uns immer Rat erhalten, wenn du einmal Probleme mit deinem Ford Bus haben solltest.<\/p>\n\n\n\n<p>Mit jeder Ausfahrt und jedem Event sammeln wir au\u00dferdem Spenden f\u00fcr ausgew\u00e4hlte Vereine, die sich mit Hingabe um Kinder k\u00fcmmern und ihnen eine strahlende Zukunft erm\u00f6glichen. Deine Unterst\u00fctzung macht einen echten Unterschied!<\/p>\n\n\n\n<p><strong>Schau vorbei auf unserer Seite \u201e<a href=\"https:\/\/experience-reloaded.de\/fuer-wen-sammeln-wir-spenden\/\" title=\"F\u00fcr wen sammeln wir Spenden?\">F\u00fcr wen sammeln wir Spenden<\/a>?\u201c<\/strong> und entdecke, wie unsere Mitglieder und Besucher regelm\u00e4\u00dfig etwas Gro\u00dfartiges bewirken.<\/p>\n\n\n\n<p><strong>Sei dabei und gestalte die Zukunft mit uns!<\/strong> <\/p>\n\n\n\n<p>Auch wenn wir nicht &#8222;das gr\u00f6\u00dfte Ford Transit Treffen&#8220; sind, sind wir stolz unsere Mitglieder mit Namen zu kennen und eine famili\u00e4re Atmosph\u00e4re auf unseren <a href=\"https:\/\/experience-reloaded.de\/unsere-treffen\/\" title=\"Unsere Treffen\">Treffen <\/a>genie\u00dfen zu k\u00f6nnen. Nur so k\u00f6nnen wir unsere individuell geplanten Ausfahrten realisieren und unvergessliche Momente an spektakul\u00e4ren Orten f\u00fcr unsere Mitglieder schaffen.<\/p>\n\n\n\n<p><strong>Ein gro\u00dfes Dankesch\u00f6n an unsere unterst\u00fctzenden Firmen!<\/strong><\/p>\n\n\n\n<p>Unsere Treffen sind jedes Mal ein unvergessliches Erlebnis \u2013 und das verdanken wir unseren gro\u00dfartigen <a href=\"https:\/\/experience-reloaded.de\/sponsoren\/\" title=\"Sponsoren\">Partnern<\/a>! Die Firmen, die uns unterst\u00fctzen, bringen nicht nur ihre Expertise und Leidenschaft ein, sondern helfen uns bei der Gestaltung jedes Event auf ihre ganz eigene, besondere Weise. Mit ihrem Engagement sorgen sie f\u00fcr unvergessliche Momente, die uns verbinden und inspirieren.&nbsp;<\/p>\n\n\n\n<p><a href=\"https:\/\/experience-reloaded.de\/downloads\/\" title=\"Downloads\">Werde jetzt Mitglied<\/a>, bring deine Ideen ein und lass uns gemeinsam Gas geben \u2013 f\u00fcr unvergessliche Momente und eine bessere Welt!<\/p>\n\n\n\n<p><strong>Ford Automobilclub Experience Reloaded \u2013 wir freuen uns auf DICH!<\/strong><\/p>\n\n\n\n<p><\/p>\n\n\n\n<p><\/p>\n\n\n\n<p><\/p>\n\n\n\n<h2 class=\"wp-block-heading alignwide\" id=\"we-re-a-studio-in-berlin-with-an-international-practice-in-architecture-urban-planning-and-interior-design-we-believe-in-sharing-knowledge-and-promoting-dialogue-to-increase-the-creative-potential-of-collaboration\" style=\"font-size:48px;line-height:1.1\"><strong>Das sind wir, der Vorstand:<\/strong><\/h2>\n\n\n\n<p><strong>Felix Op Hey <\/strong><\/p>\n\n\n\n<p><img fetchpriority=\"high\" decoding=\"async\" width=\"350\" height=\"206\" class=\"wp-image-67\" style=\"width: 350px;\" src=\"http:\/\/experience-reloaded.de\/wp-content\/uploads\/2024\/07\/IMG_8182-1-scaled.jpeg\" alt=\"\" srcset=\"https:\/\/experience-reloaded.de\/wp-content\/uploads\/2024\/07\/IMG_8182-1-scaled.jpeg 2560w, https:\/\/experience-reloaded.de\/wp-content\/uploads\/2024\/07\/IMG_8182-1-300x176.jpeg 300w, https:\/\/experience-reloaded.de\/wp-content\/uploads\/2024\/07\/IMG_8182-1-1024x602.jpeg 1024w, https:\/\/experience-reloaded.de\/wp-content\/uploads\/2024\/07\/IMG_8182-1-768x452.jpeg 768w, https:\/\/experience-reloaded.de\/wp-content\/uploads\/2024\/07\/IMG_8182-1-1536x903.jpeg 1536w, https:\/\/experience-reloaded.de\/wp-content\/uploads\/2024\/07\/IMG_8182-1-2048x1204.jpeg 2048w, https:\/\/experience-reloaded.de\/wp-content\/uploads\/2024\/07\/IMG_8182-1-1240x729.jpeg 1240w, https:\/\/experience-reloaded.de\/wp-content\/uploads\/2024\/07\/IMG_8182-1-508x299.jpeg 508w\" sizes=\"(max-width: 350px) 100vw, 350px\" \/><\/p>\n\n\n\n<p>Felix ist unser Vorstandsvorsitzender.<\/p>\n\n\n\n<p><strong>Thomas Mann und Silvana Braun<\/strong><\/p>\n\n\n\n<p><img decoding=\"async\" width=\"350\" height=\"232\" class=\"wp-image-73\" style=\"width: 350px;\" src=\"http:\/\/experience-reloaded.de\/wp-content\/uploads\/2024\/07\/IMG_0098.jpeg\" alt=\"\" srcset=\"https:\/\/experience-reloaded.de\/wp-content\/uploads\/2024\/07\/IMG_0098.jpeg 2048w, https:\/\/experience-reloaded.de\/wp-content\/uploads\/2024\/07\/IMG_0098-300x199.jpeg 300w, https:\/\/experience-reloaded.de\/wp-content\/uploads\/2024\/07\/IMG_0098-1024x680.jpeg 1024w, https:\/\/experience-reloaded.de\/wp-content\/uploads\/2024\/07\/IMG_0098-768x510.jpeg 768w, https:\/\/experience-reloaded.de\/wp-content\/uploads\/2024\/07\/IMG_0098-1536x1020.jpeg 1536w, https:\/\/experience-reloaded.de\/wp-content\/uploads\/2024\/07\/IMG_0098-1240x823.jpeg 1240w, https:\/\/experience-reloaded.de\/wp-content\/uploads\/2024\/07\/IMG_0098-508x337.jpeg 508w\" sizes=\"(max-width: 350px) 100vw, 350px\" \/><\/p>\n\n\n\n<p>Thomas ist unser stellvertretender Vorstandsvorsitz und Silvana (liebevoll Sanny genannt) die Kassenw\u00e4rtin.<\/p>\n\n\n\n<p><img decoding=\"async\" width=\"350\" height=\"233\" class=\"wp-image-98\" style=\"width: 350px;\" src=\"http:\/\/experience-reloaded.de\/wp-content\/uploads\/2024\/07\/IMG_0150.jpg\" alt=\"\" srcset=\"https:\/\/experience-reloaded.de\/wp-content\/uploads\/2024\/07\/IMG_0150.jpg 2048w, https:\/\/experience-reloaded.de\/wp-content\/uploads\/2024\/07\/IMG_0150-300x200.jpg 300w, https:\/\/experience-reloaded.de\/wp-content\/uploads\/2024\/07\/IMG_0150-1024x683.jpg 1024w, https:\/\/experience-reloaded.de\/wp-content\/uploads\/2024\/07\/IMG_0150-768x512.jpg 768w, https:\/\/experience-reloaded.de\/wp-content\/uploads\/2024\/07\/IMG_0150-1536x1024.jpg 1536w, https:\/\/experience-reloaded.de\/wp-content\/uploads\/2024\/07\/IMG_0150-1240x826.jpg 1240w, https:\/\/experience-reloaded.de\/wp-content\/uploads\/2024\/07\/IMG_0150-508x339.jpg 508w\" sizes=\"(max-width: 350px) 100vw, 350px\" \/><\/p>\n\n\n\n<p>MaM\u00fc ist unser Schriftf\u00fchrer.<\/p>\n\n\n\n<p><\/p>\n","protected":false},"excerpt":{"rendered":"<p>Werde Teil unserer leidenschaftlichen Ford Tourneo Transit Custom Community! Bei dem Ford Automobilclub Experience Reloaded spr\u00fchen wir vor Begeisterung f\u00fcr Innovation, Technologie und Kreativit\u00e4t! Unsere &hellip;<\/p>\n","protected":false},"author":3,"featured_media":250,"parent":0,"menu_order":0,"comment_status":"closed","ping_status":"closed","template":"","meta":{"footnotes":""},"class_list":["post-39","page","type-page","status-publish","has-post-thumbnail","hentry"],"aioseo_notices":[],"jetpack_sharing_enabled":true,"_links":{"self":[{"href":"https:\/\/experience-reloaded.de\/index.php?rest_route=\/wp\/v2\/pages\/39","targetHints":{"allow":["GET"]}}],"collection":[{"href":"https:\/\/experience-reloaded.de\/index.php?rest_route=\/wp\/v2\/pages"}],"about":[{"href":"https:\/\/experience-reloaded.de\/index.php?rest_route=\/wp\/v2\/types\/page"}],"author":[{"embeddable":true,"href":"https:\/\/experience-reloaded.de\/index.php?rest_route=\/wp\/v2\/users\/3"}],"replies":[{"embeddable":true,"href":"https:\/\/experience-reloaded.de\/index.php?rest_route=%2Fwp%2Fv2%2Fcomments&post=39"}],"version-history":[{"count":29,"href":"https:\/\/experience-reloaded.de\/index.php?rest_route=\/wp\/v2\/pages\/39\/revisions"}],"predecessor-version":[{"id":839,"href":"https:\/\/experience-reloaded.de\/index.php?rest_route=\/wp\/v2\/pages\/39\/revisions\/839"}],"wp:featuredmedia":[{"embeddable":true,"href":"https:\/\/experience-reloaded.de\/index.php?rest_route=\/wp\/v2\/media\/250"}],"wp:attachment":[{"href":"https:\/\/experience-reloaded.de\/index.php?rest_route=%2Fwp%2Fv2%2Fmedia&parent=39"}],"curies":[{"name":"wp","href":"https:\/\/api.w.org\/{rel}","templated":true}]}}