{"id":41,"date":"2024-07-15T18:18:12","date_gmt":"2024-07-15T18:18:12","guid":{"rendered":"https:\/\/experience-reloaded.de\/?page_id=41"},"modified":"2025-10-26T13:21:58","modified_gmt":"2025-10-26T12:21:58","slug":"sponsoren","status":"publish","type":"page","link":"https:\/\/experience-reloaded.de\/?page_id=41","title":{"rendered":"Sponsoren"},"content":{"rendered":"\n<h1 class=\"wp-block-heading\">Ein gro\u00dfes Dankesch\u00f6n an unsere unterst\u00fctzenden Firmen!<\/h1>\n\n\n\n<p>Unsere Treffen sind jedes Mal ein unvergessliches Erlebnis \u2013 und das verdanken wir unseren gro\u00dfartigen Partnern! Die Firmen, die uns unterst\u00fctzen, bringen nicht nur ihre Expertise und Leidenschaft ein, sondern gestalten jedes Event auf ihre ganz eigene, besondere Weise. Mit ihrem Engagement sorgen sie f\u00fcr unvergessliche Momente, die uns verbinden und inspirieren.&nbsp;<\/p>\n\n\n\n<p>Vielen Dank an alle unsere Sponsoren \u2013 ihr macht den Unterschied und unsere Gemeinschaft noch st\u00e4rker!<\/p>\n\n\n\n<p><\/p>\n\n\n\n<p><a href=\"https:\/\/www.boels.com\/de-de\/branches\/thueringen\/gera\"><img decoding=\"async\" width=\"150\" height=\"121\" class=\"wp-image-86\" style=\"width: 150px;\" src=\"http:\/\/experience-reloaded.de\/wp-content\/uploads\/2024\/07\/E1310F3B-531F-41B3-8558-A32D1BC93F83.jpeg\" alt=\"\" srcset=\"https:\/\/experience-reloaded.de\/wp-content\/uploads\/2024\/07\/E1310F3B-531F-41B3-8558-A32D1BC93F83.jpeg 2107w, https:\/\/experience-reloaded.de\/wp-content\/uploads\/2024\/07\/E1310F3B-531F-41B3-8558-A32D1BC93F83-300x241.jpeg 300w, https:\/\/experience-reloaded.de\/wp-content\/uploads\/2024\/07\/E1310F3B-531F-41B3-8558-A32D1BC93F83-1024x823.jpeg 1024w, https:\/\/experience-reloaded.de\/wp-content\/uploads\/2024\/07\/E1310F3B-531F-41B3-8558-A32D1BC93F83-768x617.jpeg 768w, https:\/\/experience-reloaded.de\/wp-content\/uploads\/2024\/07\/E1310F3B-531F-41B3-8558-A32D1BC93F83-1536x1235.jpeg 1536w, https:\/\/experience-reloaded.de\/wp-content\/uploads\/2024\/07\/E1310F3B-531F-41B3-8558-A32D1BC93F83-2048x1647.jpeg 2048w, https:\/\/experience-reloaded.de\/wp-content\/uploads\/2024\/07\/E1310F3B-531F-41B3-8558-A32D1BC93F83-1240x997.jpeg 1240w, https:\/\/experience-reloaded.de\/wp-content\/uploads\/2024\/07\/E1310F3B-531F-41B3-8558-A32D1BC93F83-508x408.jpeg 508w\" sizes=\"(max-width: 150px) 100vw, 150px\" \/><\/a> <a href=\"https:\/\/www.boels.com\/de-de\/branches\/thueringen\/gera\">Boels Rental Germany GmbH<\/a> in Gera<\/p>\n\n\n\n<p><a href=\"https:\/\/www.besico.de\/besico-standorte\/glauchau\/\"><img decoding=\"async\" width=\"150\" height=\"113\" class=\"wp-image-88\" style=\"width: 150px;\" src=\"http:\/\/experience-reloaded.de\/wp-content\/uploads\/2024\/07\/9b36b1c2-dae3-46f9-bbec-7b01f64873c2.jpg\" alt=\"\" srcset=\"https:\/\/experience-reloaded.de\/wp-content\/uploads\/2024\/07\/9b36b1c2-dae3-46f9-bbec-7b01f64873c2.jpg 1600w, https:\/\/experience-reloaded.de\/wp-content\/uploads\/2024\/07\/9b36b1c2-dae3-46f9-bbec-7b01f64873c2-300x225.jpg 300w, https:\/\/experience-reloaded.de\/wp-content\/uploads\/2024\/07\/9b36b1c2-dae3-46f9-bbec-7b01f64873c2-1024x768.jpg 1024w, https:\/\/experience-reloaded.de\/wp-content\/uploads\/2024\/07\/9b36b1c2-dae3-46f9-bbec-7b01f64873c2-768x576.jpg 768w, https:\/\/experience-reloaded.de\/wp-content\/uploads\/2024\/07\/9b36b1c2-dae3-46f9-bbec-7b01f64873c2-1536x1152.jpg 1536w, https:\/\/experience-reloaded.de\/wp-content\/uploads\/2024\/07\/9b36b1c2-dae3-46f9-bbec-7b01f64873c2-1240x930.jpg 1240w, https:\/\/experience-reloaded.de\/wp-content\/uploads\/2024\/07\/9b36b1c2-dae3-46f9-bbec-7b01f64873c2-508x381.jpg 508w\" sizes=\"(max-width: 150px) 100vw, 150px\" \/><\/a> <a href=\"https:\/\/www.besico.de\/besico-standorte\/glauchau\/\">besico Sachsenland GmbH in Glauchau<\/a><\/p>\n\n\n\n<p><a href=\"https:\/\/wp.flugwelt-altenburg-nobitz.de\"><img decoding=\"async\" width=\"150\" height=\"113\" class=\"wp-image-90\" style=\"width: 150px;\" src=\"http:\/\/experience-reloaded.de\/wp-content\/uploads\/2024\/07\/IMG_7538-Kopie-scaled.jpg\" alt=\"\" srcset=\"https:\/\/experience-reloaded.de\/wp-content\/uploads\/2024\/07\/IMG_7538-Kopie-scaled.jpg 2560w, https:\/\/experience-reloaded.de\/wp-content\/uploads\/2024\/07\/IMG_7538-Kopie-300x225.jpg 300w, https:\/\/experience-reloaded.de\/wp-content\/uploads\/2024\/07\/IMG_7538-Kopie-1024x768.jpg 1024w, https:\/\/experience-reloaded.de\/wp-content\/uploads\/2024\/07\/IMG_7538-Kopie-768x576.jpg 768w, https:\/\/experience-reloaded.de\/wp-content\/uploads\/2024\/07\/IMG_7538-Kopie-1536x1152.jpg 1536w, https:\/\/experience-reloaded.de\/wp-content\/uploads\/2024\/07\/IMG_7538-Kopie-2048x1536.jpg 2048w, https:\/\/experience-reloaded.de\/wp-content\/uploads\/2024\/07\/IMG_7538-Kopie-1240x930.jpg 1240w, https:\/\/experience-reloaded.de\/wp-content\/uploads\/2024\/07\/IMG_7538-Kopie-508x381.jpg 508w\" sizes=\"(max-width: 150px) 100vw, 150px\" \/><\/a> <a href=\"https:\/\/wp.flugwelt-altenburg-nobitz.de\">Flugwelt Altenburg Nobitz e.V.<\/a><\/p>\n\n\n\n<p><img loading=\"lazy\" decoding=\"async\" width=\"150\" height=\"84\" class=\"wp-image-735\" style=\"width: 150px;\" src=\"http:\/\/experience-reloaded.de\/wp-content\/uploads\/2025\/08\/f3ed7cac-6d05-4f0a-8bcd-f33c2b1569c5-1.jpg\" alt=\"\" srcset=\"https:\/\/experience-reloaded.de\/wp-content\/uploads\/2025\/08\/f3ed7cac-6d05-4f0a-8bcd-f33c2b1569c5-1.jpg 2048w, https:\/\/experience-reloaded.de\/wp-content\/uploads\/2025\/08\/f3ed7cac-6d05-4f0a-8bcd-f33c2b1569c5-1-300x169.jpg 300w, https:\/\/experience-reloaded.de\/wp-content\/uploads\/2025\/08\/f3ed7cac-6d05-4f0a-8bcd-f33c2b1569c5-1-1024x577.jpg 1024w, https:\/\/experience-reloaded.de\/wp-content\/uploads\/2025\/08\/f3ed7cac-6d05-4f0a-8bcd-f33c2b1569c5-1-768x432.jpg 768w, https:\/\/experience-reloaded.de\/wp-content\/uploads\/2025\/08\/f3ed7cac-6d05-4f0a-8bcd-f33c2b1569c5-1-1536x865.jpg 1536w, https:\/\/experience-reloaded.de\/wp-content\/uploads\/2025\/08\/f3ed7cac-6d05-4f0a-8bcd-f33c2b1569c5-1-533x300.jpg 533w\" sizes=\"(max-width: 150px) 100vw, 150px\" \/> <a href=\"https:\/\/www.airport-welzow.de\">Welzow Airport<\/a><\/p>\n\n\n\n<p><img loading=\"lazy\" decoding=\"async\" width=\"150\" height=\"200\" class=\"wp-image-574\" style=\"width: 150px;\" src=\"http:\/\/experience-reloaded.de\/wp-content\/uploads\/2025\/03\/IMG_8922-scaled.jpg\" alt=\"\" srcset=\"https:\/\/experience-reloaded.de\/wp-content\/uploads\/2025\/03\/IMG_8922-scaled.jpg 1920w, https:\/\/experience-reloaded.de\/wp-content\/uploads\/2025\/03\/IMG_8922-225x300.jpg 225w, https:\/\/experience-reloaded.de\/wp-content\/uploads\/2025\/03\/IMG_8922-768x1024.jpg 768w, https:\/\/experience-reloaded.de\/wp-content\/uploads\/2025\/03\/IMG_8922-1152x1536.jpg 1152w, https:\/\/experience-reloaded.de\/wp-content\/uploads\/2025\/03\/IMG_8922-1536x2048.jpg 1536w\" sizes=\"(max-width: 150px) 100vw, 150px\" \/> <a href=\"https:\/\/www.hoellental-camping.de\">H\u00f6llental Camping<\/a><\/p>\n\n\n\n<p><img loading=\"lazy\" decoding=\"async\" width=\"150\" height=\"113\" class=\"wp-image-776\" style=\"width: 150px;\" src=\"http:\/\/experience-reloaded.de\/wp-content\/uploads\/2025\/08\/IMG_8315-scaled.jpg\" alt=\"\" srcset=\"https:\/\/experience-reloaded.de\/wp-content\/uploads\/2025\/08\/IMG_8315-scaled.jpg 2560w, https:\/\/experience-reloaded.de\/wp-content\/uploads\/2025\/08\/IMG_8315-300x225.jpg 300w, https:\/\/experience-reloaded.de\/wp-content\/uploads\/2025\/08\/IMG_8315-1024x768.jpg 1024w, https:\/\/experience-reloaded.de\/wp-content\/uploads\/2025\/08\/IMG_8315-768x576.jpg 768w, https:\/\/experience-reloaded.de\/wp-content\/uploads\/2025\/08\/IMG_8315-1536x1152.jpg 1536w, https:\/\/experience-reloaded.de\/wp-content\/uploads\/2025\/08\/IMG_8315-2048x1536.jpg 2048w, https:\/\/experience-reloaded.de\/wp-content\/uploads\/2025\/08\/IMG_8315-400x300.jpg 400w\" sizes=\"(max-width: 150px) 100vw, 150px\" \/> <a href=\"https:\/\/camp-casel.de\">Camp Casel<\/a><\/p>\n\n\n\n<p><img loading=\"lazy\" decoding=\"async\" width=\"150\" height=\"113\" class=\"wp-image-778\" style=\"width: 150px;\" src=\"http:\/\/experience-reloaded.de\/wp-content\/uploads\/2025\/08\/5f539300-7b9f-4274-b243-50b05b5bb02c-2.jpg\" alt=\"\" srcset=\"https:\/\/experience-reloaded.de\/wp-content\/uploads\/2025\/08\/5f539300-7b9f-4274-b243-50b05b5bb02c-2.jpg 2048w, https:\/\/experience-reloaded.de\/wp-content\/uploads\/2025\/08\/5f539300-7b9f-4274-b243-50b05b5bb02c-2-300x225.jpg 300w, https:\/\/experience-reloaded.de\/wp-content\/uploads\/2025\/08\/5f539300-7b9f-4274-b243-50b05b5bb02c-2-1024x768.jpg 1024w, https:\/\/experience-reloaded.de\/wp-content\/uploads\/2025\/08\/5f539300-7b9f-4274-b243-50b05b5bb02c-2-768x576.jpg 768w, https:\/\/experience-reloaded.de\/wp-content\/uploads\/2025\/08\/5f539300-7b9f-4274-b243-50b05b5bb02c-2-1536x1152.jpg 1536w, https:\/\/experience-reloaded.de\/wp-content\/uploads\/2025\/08\/5f539300-7b9f-4274-b243-50b05b5bb02c-2-400x300.jpg 400w\" sizes=\"(max-width: 150px) 100vw, 150px\" \/> <a href=\"https:\/\/www.mgs-autozentrum.de\">MGS MOTOR GRUPPE STICHT<\/a> aus Hof und Wunsiedel<\/p>\n","protected":false},"excerpt":{"rendered":"<p>Ein gro\u00dfes Dankesch\u00f6n an unsere unterst\u00fctzenden Firmen! Unsere Treffen sind jedes Mal ein unvergessliches Erlebnis \u2013 und das verdanken wir unseren gro\u00dfartigen Partnern! Die Firmen, &hellip;<\/p>\n","protected":false},"author":3,"featured_media":0,"parent":0,"menu_order":0,"comment_status":"closed","ping_status":"closed","template":"","meta":{"footnotes":""},"class_list":["post-41","page","type-page","status-publish","hentry"],"aioseo_notices":[],"jetpack_sharing_enabled":true,"_links":{"self":[{"href":"https:\/\/experience-reloaded.de\/index.php?rest_route=\/wp\/v2\/pages\/41","targetHints":{"allow":["GET"]}}],"collection":[{"href":"https:\/\/experience-reloaded.de\/index.php?rest_route=\/wp\/v2\/pages"}],"about":[{"href":"https:\/\/experience-reloaded.de\/index.php?rest_route=\/wp\/v2\/types\/page"}],"author":[{"embeddable":true,"href":"https:\/\/experience-reloaded.de\/index.php?rest_route=\/wp\/v2\/users\/3"}],"replies":[{"embeddable":true,"href":"https:\/\/experience-reloaded.de\/index.php?rest_route=%2Fwp%2Fv2%2Fcomments&post=41"}],"version-history":[{"count":9,"href":"https:\/\/experience-reloaded.de\/index.php?rest_route=\/wp\/v2\/pages\/41\/revisions"}],"predecessor-version":[{"id":823,"href":"https:\/\/experience-reloaded.de\/index.php?rest_route=\/wp\/v2\/pages\/41\/revisions\/823"}],"wp:attachment":[{"href":"https:\/\/experience-reloaded.de\/index.php?rest_route=%2Fwp%2Fv2%2Fmedia&parent=41"}],"curies":[{"name":"wp","href":"https:\/\/api.w.org\/{rel}","templated":true}]}}