{"id":52,"date":"2024-07-15T18:46:57","date_gmt":"2024-07-15T18:46:57","guid":{"rendered":"https:\/\/experience-reloaded.de\/?page_id=52"},"modified":"2024-07-24T07:05:26","modified_gmt":"2024-07-24T07:05:26","slug":"startseite","status":"publish","type":"page","link":"https:\/\/experience-reloaded.de\/","title":{"rendered":"Startseite"},"content":{"rendered":"<div id=\"metaslider-id-45\" style=\"width: 100%;\" class=\"ml-slider-3-105-0 metaslider metaslider-flex metaslider-45 ml-slider has-dots-nav ms-theme-default\" role=\"region\" aria-label=\"Startseite\" data-height=\"450\" data-width=\"1000\">\n    <div id=\"metaslider_container_45\">\n        <div id=\"metaslider_45\">\n            <ul class='slides'>\n                <li style=\"display: block; width: 100%;\" class=\"slide-46 ms-image \" aria-roledescription=\"slide\" data-date=\"2024-07-15 18:32:14\" data-filename=\"IMG_9016-scaled-1000x450.jpg\" data-slide-type=\"image\"><img fetchpriority=\"high\" decoding=\"async\" src=\"https:\/\/experience-reloaded.de\/wp-content\/uploads\/2024\/07\/IMG_9016-scaled-1000x450.jpg\" height=\"450\" width=\"1000\" alt=\"\" class=\"slider-45 slide-46 msDefaultImage\" title=\"IMG_9016\" \/><div class=\"caption-wrap\"><div class=\"caption\">Offroad Tage bei Campventure<\/div><\/div><\/li>\n                <li style=\"display: none; width: 100%;\" class=\"slide-47 ms-image \" aria-roledescription=\"slide\" data-date=\"2024-07-15 18:32:15\" data-filename=\"IMG_8367-scaled-1000x450.jpg\" data-slide-type=\"image\"><img decoding=\"async\" src=\"https:\/\/experience-reloaded.de\/wp-content\/uploads\/2024\/07\/IMG_8367-scaled-1000x450.jpg\" height=\"450\" width=\"1000\" alt=\"\" class=\"slider-45 slide-47 msDefaultImage\" title=\"IMG_8367\" \/><div class=\"caption-wrap\"><div class=\"caption\">Wir warten auf die Polarlichter<\/div><\/div><\/li>\n                <li style=\"display: none; width: 100%;\" class=\"slide-48 ms-image \" aria-roledescription=\"slide\" data-date=\"2024-07-15 18:32:15\" data-filename=\"IMG_7487-scaled-1000x450.jpg\" data-slide-type=\"image\"><img decoding=\"async\" src=\"https:\/\/experience-reloaded.de\/wp-content\/uploads\/2024\/07\/IMG_7487-scaled-1000x450.jpg\" height=\"450\" width=\"1000\" alt=\"\" class=\"slider-45 slide-48 msDefaultImage\" title=\"IMG_7487\" \/><div class=\"caption-wrap\"><div class=\"caption\">Gemeinsamer Ausflug zu Ford besico<\/div><\/div><\/li>\n                <li style=\"display: none; width: 100%;\" class=\"slide-49 ms-image \" aria-roledescription=\"slide\" data-date=\"2024-07-15 18:32:16\" data-filename=\"IMG_7564-scaled-1000x450.jpg\" data-slide-type=\"image\"><img loading=\"lazy\" decoding=\"async\" src=\"https:\/\/experience-reloaded.de\/wp-content\/uploads\/2024\/07\/IMG_7564-scaled-1000x450.jpg\" height=\"450\" width=\"1000\" alt=\"\" class=\"slider-45 slide-49 msDefaultImage\" title=\"IMG_7564\" \/><div class=\"caption-wrap\"><div class=\"caption\">Flugwelten Altenburg Nobitz meets Experience Reloaded e.V.<\/div><\/div><\/li>\n                <li style=\"display: none; width: 100%;\" class=\"slide-127 ms-image \" aria-roledescription=\"slide\" data-date=\"2024-07-20 14:06:44\" data-filename=\"32c4fc4b-8f32-466d-8241-de1678d2c883-1000x450.jpg\" data-slide-type=\"image\"><img loading=\"lazy\" decoding=\"async\" src=\"https:\/\/experience-reloaded.de\/wp-content\/uploads\/2024\/07\/32c4fc4b-8f32-466d-8241-de1678d2c883-1000x450.jpg\" height=\"450\" width=\"1000\" alt=\"\" class=\"slider-45 slide-127 msDefaultImage\" title=\"32c4fc4b-8f32-466d-8241-de1678d2c883\" \/><div class=\"caption-wrap\"><div class=\"caption\">Nachts sind sie besonders sch\u00f6n<\/div><\/div><\/li>\n                <li style=\"display: none; width: 100%;\" class=\"slide-214 ms-image \" aria-roledescription=\"slide\" data-date=\"2024-08-29 18:25:22\" data-filename=\"4-scaled-1000x450.jpg\" data-slide-type=\"image\"><img loading=\"lazy\" decoding=\"async\" src=\"https:\/\/experience-reloaded.de\/wp-content\/uploads\/2024\/08\/4-scaled-1000x450.jpg\" height=\"450\" width=\"1000\" alt=\"\" class=\"slider-45 slide-214 msDefaultImage\" title=\"4\" \/><div class=\"caption-wrap\"><div class=\"caption\">Spiegelbild Mario M.<\/div><\/div><\/li>\n                <li style=\"display: none; width: 100%;\" class=\"slide-215 ms-image \" aria-roledescription=\"slide\" data-date=\"2024-08-29 18:25:44\" data-filename=\"5-900x405.jpg\" data-slide-type=\"image\"><img loading=\"lazy\" decoding=\"async\" src=\"https:\/\/experience-reloaded.de\/wp-content\/uploads\/2024\/08\/5-900x405.jpg\" height=\"450\" width=\"1000\" alt=\"\" class=\"slider-45 slide-215 msDefaultImage\" title=\"5\" \/><div class=\"caption-wrap\"><div class=\"caption\">Anfahrt Sanny und Tomi zum Parkplatz Elbufer<\/div><\/div><\/li>\n                <li style=\"display: none; width: 100%;\" class=\"slide-216 ms-image \" aria-roledescription=\"slide\" data-date=\"2024-08-29 18:25:53\" data-filename=\"6-1000x450.jpg\" data-slide-type=\"image\"><img loading=\"lazy\" decoding=\"async\" src=\"https:\/\/experience-reloaded.de\/wp-content\/uploads\/2024\/08\/6-1000x450.jpg\" height=\"450\" width=\"1000\" alt=\"\" class=\"slider-45 slide-216 msDefaultImage\" title=\"6\" \/><div class=\"caption-wrap\"><div class=\"caption\">MaM\u00fc im Terence Hill Museum<\/div><\/div><\/li>\n                <li style=\"display: none; width: 100%;\" class=\"slide-217 ms-image \" aria-roledescription=\"slide\" data-date=\"2024-08-29 18:26:05\" data-filename=\"7-1000x450.jpg\" data-slide-type=\"image\"><img loading=\"lazy\" decoding=\"async\" src=\"https:\/\/experience-reloaded.de\/wp-content\/uploads\/2024\/08\/7-1000x450.jpg\" height=\"450\" width=\"1000\" alt=\"\" class=\"slider-45 slide-217 msDefaultImage\" title=\"7\" \/><div class=\"caption-wrap\"><div class=\"caption\">Terence Hill Museum Lommatzsch<\/div><\/div><\/li>\n                <li style=\"display: none; width: 100%;\" class=\"slide-218 ms-image \" aria-roledescription=\"slide\" data-date=\"2024-08-29 18:26:16\" data-filename=\"1-1000x450.jpg\" data-slide-type=\"image\"><img loading=\"lazy\" decoding=\"async\" src=\"https:\/\/experience-reloaded.de\/wp-content\/uploads\/2024\/08\/1-1000x450.jpg\" height=\"450\" width=\"1000\" alt=\"\" class=\"slider-45 slide-218 msDefaultImage\" title=\"1\" \/><div class=\"caption-wrap\"><div class=\"caption\">Schloss Mei\u00dfen<\/div><\/div><\/li>\n                <li style=\"display: none; width: 100%;\" class=\"slide-219 ms-image \" aria-roledescription=\"slide\" data-date=\"2024-08-29 18:26:29\" data-filename=\"2-1000x450.jpg\" data-slide-type=\"image\"><img loading=\"lazy\" decoding=\"async\" src=\"https:\/\/experience-reloaded.de\/wp-content\/uploads\/2024\/08\/2-1000x450.jpg\" height=\"450\" width=\"1000\" alt=\"\" class=\"slider-45 slide-219 msDefaultImage\" title=\"2\" \/><div class=\"caption-wrap\"><div class=\"caption\">Elbufer Mei\u00dfen<\/div><\/div><\/li>\n            <\/ul>\n        <\/div>\n        \n    <\/div>\n<\/div>\n\n\n<ul class=\"wp-block-latest-posts__list is-grid columns-3 wp-block-latest-posts\"><li><a class=\"wp-block-latest-posts__post-title\" href=\"https:\/\/experience-reloaded.de\/?p=855\">Auftakttreffen &#8222;Experience Days 2026&#8220; &#8211; 01.-03.05.2026<\/a><div class=\"wp-block-latest-posts__post-excerpt\">Unser diesj\u00e4hriges Auftakttreffen findet erneut auf dem Campingplatz H\u00f6llental statt. Die Anreise ist ab Freitag, dem 01.05.2026 m\u00f6glich. Bitte nutzt zur Anmeldung ausschlie\u00dflich das nachfolgende Anmeldeformular. Die Buchung auf dem Platz erfolgt durch uns. Euch erwartet wieder ein tolles Treffen mit einem Fotoshooting auf dem Schleizer Dreieck, pers\u00f6nlich gef\u00fchrte Museumstour durch die Geschichte des Schleizer &hellip;<\/div><\/li>\n<li><a class=\"wp-block-latest-posts__post-title\" href=\"https:\/\/experience-reloaded.de\/?p=646\">Abschlusstreffen 03.-05.10.2025<\/a><div class=\"wp-block-latest-posts__post-excerpt\">Vom 03.-05.10.2025 fand das Abschlusstreffen des Vereins Experience Reloaded e.V. statt, das trotz des unbest\u00e4ndigen Herbstwetters ein voller Erfolg wurde. Dank der gro\u00dfz\u00fcgigen Unterst\u00fctzung durch die gesponserten Pavillons der Firma FB Consulting blieben alle Teilnehmer trocken und konnten das Event in vollen Z\u00fcgen genie\u00dfen. H\u00f6hepunkt des Treffens war eine gemeinsame Ausfahrt, die trotz Regen und &hellip;<\/div><\/li>\n<li><a class=\"wp-block-latest-posts__post-title\" href=\"https:\/\/experience-reloaded.de\/?p=482\">Sommertreffen 25.07. \u2013 27.07.2025<\/a><div class=\"wp-block-latest-posts__post-excerpt\">Unser Sommertreffen auf dem Campingplatz www.camp-casel.de ging leider viel zu schnell vorbei. In kleiner famili\u00e4ren Aufstellung hatten wir entspannte Tage und eine wunderbare gemeinsame Zeit. Zwischen Grill und k\u00fchlen Getr\u00e4nken f\u00fchrten wir tolle Gespr\u00e4che, die uns immer wieder gern in Erinnerung bleiben. Zu unserer Freude durften wir an unserem Event-Samstag sogar einen Neuzugang begr\u00fc\u00dfen und &hellip;<\/div><\/li>\n<li><a class=\"wp-block-latest-posts__post-title\" href=\"https:\/\/experience-reloaded.de\/?p=183\">Saisonstart 2025 01.05. &#8211; 04.05.2025<\/a><div class=\"wp-block-latest-posts__post-excerpt\">Was f\u00fcr ein wahnsinnig sch\u00f6nes Auftakttreffen &#8211; vielen Dank an alle, die dabei waren &#8211; ohne euch w\u00e4ren so coole Treffen niemals m\u00f6glich. Ein herzliches Dankesch\u00f6n gilt auch unseren Unterst\u00fctzern: dem H\u00f6llental Camping, der MGS Motor Gruppe Sticht aus Hof, MGSCAMPER, Walter Sp\u00f6rl \/ Steinbruch, der Feuerwehr Berg und dem Verein Special Kids Westsachsen e.V. &hellip;<\/div><\/li>\n<li><a class=\"wp-block-latest-posts__post-title\" href=\"https:\/\/experience-reloaded.de\/?p=341\">Abschlusstreffen 20.09. &#8211; 22.09.2024<\/a><div class=\"wp-block-latest-posts__post-excerpt\">Hier die Highlights zum Treffen in Pahna weitere Bilder gibt es hier:<\/div><\/li>\n<\/ul>","protected":false},"excerpt":{"rendered":"","protected":false},"author":1,"featured_media":123,"parent":0,"menu_order":0,"comment_status":"closed","ping_status":"closed","template":"","meta":{"footnotes":""},"class_list":["post-52","page","type-page","status-publish","has-post-thumbnail","hentry"],"aioseo_notices":[],"jetpack_sharing_enabled":true,"_links":{"self":[{"href":"https:\/\/experience-reloaded.de\/index.php?rest_route=\/wp\/v2\/pages\/52","targetHints":{"allow":["GET"]}}],"collection":[{"href":"https:\/\/experience-reloaded.de\/index.php?rest_route=\/wp\/v2\/pages"}],"about":[{"href":"https:\/\/experience-reloaded.de\/index.php?rest_route=\/wp\/v2\/types\/page"}],"author":[{"embeddable":true,"href":"https:\/\/experience-reloaded.de\/index.php?rest_route=\/wp\/v2\/users\/1"}],"replies":[{"embeddable":true,"href":"https:\/\/experience-reloaded.de\/index.php?rest_route=%2Fwp%2Fv2%2Fcomments&post=52"}],"version-history":[{"count":3,"href":"https:\/\/experience-reloaded.de\/index.php?rest_route=\/wp\/v2\/pages\/52\/revisions"}],"predecessor-version":[{"id":139,"href":"https:\/\/experience-reloaded.de\/index.php?rest_route=\/wp\/v2\/pages\/52\/revisions\/139"}],"wp:featuredmedia":[{"embeddable":true,"href":"https:\/\/experience-reloaded.de\/index.php?rest_route=\/wp\/v2\/media\/123"}],"wp:attachment":[{"href":"https:\/\/experience-reloaded.de\/index.php?rest_route=%2Fwp%2Fv2%2Fmedia&parent=52"}],"curies":[{"name":"wp","href":"https:\/\/api.w.org\/{rel}","templated":true}]}}