{"id":71,"date":"2024-07-18T16:57:54","date_gmt":"2024-07-18T16:57:54","guid":{"rendered":"https:\/\/experience-reloaded.de\/?page_id=71"},"modified":"2026-04-15T19:49:17","modified_gmt":"2026-04-15T18:49:17","slug":"vorstellung-unserer-mitglieder","status":"publish","type":"page","link":"https:\/\/experience-reloaded.de\/?page_id=71","title":{"rendered":"Vorstellung unserer Mitglieder"},"content":{"rendered":"\n<p class=\"has-text-align-center\">Was w\u00e4re ein Verein ohne seine Mitglieder. Deshalb ist es uns eine Freude euch unsere bisherigen Mitglieder vorzustellen:<\/p>\n\n\n\n<p class=\"has-text-align-center\"><\/p>\n\n\n\n<div class=\"wp-block-columns is-layout-flex wp-container-core-columns-is-layout-9d6595d7 wp-block-columns-is-layout-flex\">\n<div class=\"wp-block-column is-layout-flow wp-block-column-is-layout-flow\" style=\"flex-basis:100%\">\n<div class=\"wp-block-group\"><div class=\"wp-block-group__inner-container is-layout-constrained wp-block-group-is-layout-constrained\">\n<figure class=\"wp-block-table is-style-regular\"><table class=\"has-fixed-layout\"><tbody><tr><td><img fetchpriority=\"high\" decoding=\"async\" width=\"400\" height=\"274\" class=\"wp-image-93\" style=\"width: 400px;\" src=\"http:\/\/experience-reloaded.de\/wp-content\/uploads\/2024\/07\/IMG_8163-scaled.jpg\" alt=\"\" srcset=\"https:\/\/experience-reloaded.de\/wp-content\/uploads\/2024\/07\/IMG_8163-scaled.jpg 2560w, https:\/\/experience-reloaded.de\/wp-content\/uploads\/2024\/07\/IMG_8163-300x206.jpg 300w, https:\/\/experience-reloaded.de\/wp-content\/uploads\/2024\/07\/IMG_8163-1024x702.jpg 1024w, https:\/\/experience-reloaded.de\/wp-content\/uploads\/2024\/07\/IMG_8163-768x527.jpg 768w, https:\/\/experience-reloaded.de\/wp-content\/uploads\/2024\/07\/IMG_8163-1536x1053.jpg 1536w, https:\/\/experience-reloaded.de\/wp-content\/uploads\/2024\/07\/IMG_8163-2048x1405.jpg 2048w, https:\/\/experience-reloaded.de\/wp-content\/uploads\/2024\/07\/IMG_8163-1240x850.jpg 1240w, https:\/\/experience-reloaded.de\/wp-content\/uploads\/2024\/07\/IMG_8163-508x348.jpg 508w\" sizes=\"(max-width: 400px) 100vw, 400px\" \/><\/td><td><strong>Mario B<\/strong>.<br>&#8222;Alles original au\u00dfer die Folie&#8220;, 130 PS \ud83d\ude09<\/td><\/tr><tr><td><\/td><td><strong>Nicky<\/strong><br><br><\/td><\/tr><tr><td><img decoding=\"async\" width=\"400\" height=\"267\" class=\"wp-image-95\" style=\"width: 400px;\" src=\"http:\/\/experience-reloaded.de\/wp-content\/uploads\/2024\/07\/IMG_8171-scaled.jpg\" alt=\"\" srcset=\"https:\/\/experience-reloaded.de\/wp-content\/uploads\/2024\/07\/IMG_8171-scaled.jpg 2560w, https:\/\/experience-reloaded.de\/wp-content\/uploads\/2024\/07\/IMG_8171-300x200.jpg 300w, https:\/\/experience-reloaded.de\/wp-content\/uploads\/2024\/07\/IMG_8171-1024x683.jpg 1024w, https:\/\/experience-reloaded.de\/wp-content\/uploads\/2024\/07\/IMG_8171-768x512.jpg 768w, https:\/\/experience-reloaded.de\/wp-content\/uploads\/2024\/07\/IMG_8171-1536x1024.jpg 1536w, https:\/\/experience-reloaded.de\/wp-content\/uploads\/2024\/07\/IMG_8171-2048x1365.jpg 2048w, https:\/\/experience-reloaded.de\/wp-content\/uploads\/2024\/07\/IMG_8171-1240x827.jpg 1240w, https:\/\/experience-reloaded.de\/wp-content\/uploads\/2024\/07\/IMG_8171-508x339.jpg 508w\" sizes=\"(max-width: 400px) 100vw, 400px\" \/><\/td><td><strong>Chris<\/strong><br>Ford Tourneo Custom Active, L2, Baujahr 2021, 185 PS, Automatik, Raptorgrill mit FORD Schriftzug, VMAXX Frontb\u00fcgel, Sport Nebelscheinwerfer, Auflastung auf 1.500 kg, Fahrradhecktr\u00e4ger f\u00fcr 4 Fahrr\u00e4der <\/td><\/tr><tr><td><\/td><td><\/td><\/tr><tr><td><img decoding=\"async\" width=\"400\" height=\"267\" class=\"wp-image-98\" style=\"width: 400px;\" src=\"http:\/\/experience-reloaded.de\/wp-content\/uploads\/2024\/07\/IMG_0150.jpg\" alt=\"\" srcset=\"https:\/\/experience-reloaded.de\/wp-content\/uploads\/2024\/07\/IMG_0150.jpg 2048w, https:\/\/experience-reloaded.de\/wp-content\/uploads\/2024\/07\/IMG_0150-300x200.jpg 300w, https:\/\/experience-reloaded.de\/wp-content\/uploads\/2024\/07\/IMG_0150-1024x683.jpg 1024w, https:\/\/experience-reloaded.de\/wp-content\/uploads\/2024\/07\/IMG_0150-768x512.jpg 768w, https:\/\/experience-reloaded.de\/wp-content\/uploads\/2024\/07\/IMG_0150-1536x1024.jpg 1536w, https:\/\/experience-reloaded.de\/wp-content\/uploads\/2024\/07\/IMG_0150-1240x826.jpg 1240w, https:\/\/experience-reloaded.de\/wp-content\/uploads\/2024\/07\/IMG_0150-508x339.jpg 508w\" sizes=\"(max-width: 400px) 100vw, 400px\" \/><\/td><td><strong>Marko M. (&#8222;MaM\u00fc&#8220;)<\/strong><br>Ford Tourneo Custom, Baujahr 2021, 2,0 l (130 PS), Folierung &amp; diverse Aufkleber, Rammschutzb\u00fcgel mit Arbeitslicht, Auflastung Anh\u00e4ngelast von 1050 kg auf 1725 kg, Subwoofer von Alpine, Vereinslogo auf Heckscheibe<\/td><\/tr><tr><td><\/td><td><\/td><\/tr><tr><td><\/td><td><strong>Silvana &amp; Thomas (&#8222;Sanny&#8220; &amp; &#8222;Tomi&#8220;)<\/strong><br>Ford Tourneo Custom L2, Baujahr 2022, 2,0 l (185 PS), MildHybrid, Rhino Rack Pioneer Plattform 5, AluCab Dachzelt LT-50 Lightweight, AluCab Markise 180 Grad Beifahrerseite, Sport K\u00fchlergrill Wagen Design mit CUSTOM Schriftzug, Skyworld 50&#8243; LED Lightbar, massgefertigte Doppel-Hundebox im Kofferraum, selbstgebaute vollgefilzte Mittelkonsole &amp; Schuhbox, Sonnenkeil und Vereinslogo auf Heckscheibe<\/td><\/tr><tr><td><img loading=\"lazy\" decoding=\"async\" width=\"400\" height=\"235\" class=\"wp-image-67\" style=\"width: 400px;\" src=\"http:\/\/experience-reloaded.de\/wp-content\/uploads\/2024\/07\/IMG_8182-1-scaled.jpeg\" alt=\"\" srcset=\"https:\/\/experience-reloaded.de\/wp-content\/uploads\/2024\/07\/IMG_8182-1-scaled.jpeg 2560w, https:\/\/experience-reloaded.de\/wp-content\/uploads\/2024\/07\/IMG_8182-1-300x176.jpeg 300w, https:\/\/experience-reloaded.de\/wp-content\/uploads\/2024\/07\/IMG_8182-1-1024x602.jpeg 1024w, https:\/\/experience-reloaded.de\/wp-content\/uploads\/2024\/07\/IMG_8182-1-768x452.jpeg 768w, https:\/\/experience-reloaded.de\/wp-content\/uploads\/2024\/07\/IMG_8182-1-1536x903.jpeg 1536w, https:\/\/experience-reloaded.de\/wp-content\/uploads\/2024\/07\/IMG_8182-1-2048x1204.jpeg 2048w, https:\/\/experience-reloaded.de\/wp-content\/uploads\/2024\/07\/IMG_8182-1-1240x729.jpeg 1240w, https:\/\/experience-reloaded.de\/wp-content\/uploads\/2024\/07\/IMG_8182-1-508x299.jpeg 508w\" sizes=\"(max-width: 400px) 100vw, 400px\" \/><\/td><td><strong>Maria &amp; Felix<\/strong><br>Ford Tourneo Custom, Baujahr 2016, 2,2 l (155 PS), Komplettfolierung, Rammschutz, LED-Lightbar, Drucklufthupe, 18 Zoll Borbetfelgen, Vereinslogo auf Heckscheibe, neu: selbstgebaute Dachplattform mit Beleuchtung<\/td><\/tr><tr><td><img loading=\"lazy\" decoding=\"async\" width=\"400\" height=\"300\" class=\"wp-image-246\" style=\"width: 400px;\" src=\"http:\/\/experience-reloaded.de\/wp-content\/uploads\/2024\/08\/D8FC2DE0-924E-4120-965E-25E28CC5EF8E.jpg\" alt=\"\" srcset=\"https:\/\/experience-reloaded.de\/wp-content\/uploads\/2024\/08\/D8FC2DE0-924E-4120-965E-25E28CC5EF8E.jpg 1600w, https:\/\/experience-reloaded.de\/wp-content\/uploads\/2024\/08\/D8FC2DE0-924E-4120-965E-25E28CC5EF8E-300x225.jpg 300w, https:\/\/experience-reloaded.de\/wp-content\/uploads\/2024\/08\/D8FC2DE0-924E-4120-965E-25E28CC5EF8E-1024x768.jpg 1024w, https:\/\/experience-reloaded.de\/wp-content\/uploads\/2024\/08\/D8FC2DE0-924E-4120-965E-25E28CC5EF8E-768x576.jpg 768w, https:\/\/experience-reloaded.de\/wp-content\/uploads\/2024\/08\/D8FC2DE0-924E-4120-965E-25E28CC5EF8E-1536x1152.jpg 1536w, https:\/\/experience-reloaded.de\/wp-content\/uploads\/2024\/08\/D8FC2DE0-924E-4120-965E-25E28CC5EF8E-1240x930.jpg 1240w, https:\/\/experience-reloaded.de\/wp-content\/uploads\/2024\/08\/D8FC2DE0-924E-4120-965E-25E28CC5EF8E-508x381.jpg 508w\" sizes=\"(max-width: 400px) 100vw, 400px\" \/><\/td><td><strong>Sven (&#8222;Ossi&#8220;)<\/strong> &amp; Ramona<br>Ford Tourneo Custom Titanium X 320 L1, 2,0 l (185 PS), abnehmbare Anh\u00e4ngerkupplung von BRINK, Trittbretter des Actives, Frontgrill des Actives, Jackplott Gelembleme vorn hinten und Lenkrad, elektrische Sirene, Spurverbreiterung, Bremss\u00e4ttel lackiert, Maxton Cup Spoilerlippe vorn sowie Flaps hinten, Ivality Kennzeichenhalter, LED-R\u00fcckleuchten von Van X, Soundupgrade von Helix<\/td><\/tr><tr><td><img loading=\"lazy\" decoding=\"async\" width=\"400\" height=\"225\" class=\"wp-image-323\" style=\"width: 400px;\" src=\"http:\/\/experience-reloaded.de\/wp-content\/uploads\/2024\/09\/andreas-ramona.jpg\" alt=\"\" srcset=\"https:\/\/experience-reloaded.de\/wp-content\/uploads\/2024\/09\/andreas-ramona.jpg 1920w, https:\/\/experience-reloaded.de\/wp-content\/uploads\/2024\/09\/andreas-ramona-300x169.jpg 300w, https:\/\/experience-reloaded.de\/wp-content\/uploads\/2024\/09\/andreas-ramona-1024x576.jpg 1024w, https:\/\/experience-reloaded.de\/wp-content\/uploads\/2024\/09\/andreas-ramona-768x432.jpg 768w, https:\/\/experience-reloaded.de\/wp-content\/uploads\/2024\/09\/andreas-ramona-1536x864.jpg 1536w, https:\/\/experience-reloaded.de\/wp-content\/uploads\/2024\/09\/andreas-ramona-533x300.jpg 533w\" sizes=\"(max-width: 400px) 100vw, 400px\" \/><br><\/td><td><strong>Andreas &amp; Ramona<\/strong><br>Fiat Ducato, 148 PS, Erstzulassung 6\/2014, 4.250 kg Gesamtgewicht, 7,47 m lang, 3,30 m hoch, Aufbau Laila 5009, 2 x Solar auf dem Dach, Wechselrichter, 2. Aufbaubatterie, Anh\u00e4ngerkupplung mit 1.750 kg Anh\u00e4ngelast<\/td><\/tr><tr><td><img decoding=\"async\" class=\"wp-image-583\" style=\"width: 400px;\" src=\"http:\/\/experience-reloaded.de\/wp-content\/uploads\/2025\/05\/IMG_0091-scaled.jpg\" alt=\"\"><\/td><td><strong>Ines, Sarah &amp; Andreas<\/strong><br>Ford Tourneo Custom L2 Baujahr 2019 , 2,0l (185PS) MildHybrid, abnehmbare Anh\u00e4ngerkupplung von Brink,&nbsp;Folierung und Aufkleber, Ford Frontgrill im Raptor Design, Germansell Frontschutzb\u00fcgel , Letronix&nbsp;&nbsp;LED Kennzeichenbeleutung, Maxton Diffusor<\/td><\/tr><tr><td><img loading=\"lazy\" decoding=\"async\" width=\"400\" height=\"533\" class=\"wp-image-586\" style=\"width: 400px;\" src=\"http:\/\/experience-reloaded.de\/wp-content\/uploads\/2025\/05\/00284e4c-cbce-4cc0-a073-71b6bec88f97.jpg\" alt=\"\" srcset=\"https:\/\/experience-reloaded.de\/wp-content\/uploads\/2025\/05\/00284e4c-cbce-4cc0-a073-71b6bec88f97.jpg 1200w, https:\/\/experience-reloaded.de\/wp-content\/uploads\/2025\/05\/00284e4c-cbce-4cc0-a073-71b6bec88f97-225x300.jpg 225w, https:\/\/experience-reloaded.de\/wp-content\/uploads\/2025\/05\/00284e4c-cbce-4cc0-a073-71b6bec88f97-768x1024.jpg 768w, https:\/\/experience-reloaded.de\/wp-content\/uploads\/2025\/05\/00284e4c-cbce-4cc0-a073-71b6bec88f97-1152x1536.jpg 1152w\" sizes=\"(max-width: 400px) 100vw, 400px\" \/><\/td><td><strong>Antje &amp; Maik<\/strong><\/td><\/tr><tr><td><img loading=\"lazy\" decoding=\"async\" width=\"400\" height=\"711\" class=\"wp-image-584\" style=\"width: 400px;\" src=\"http:\/\/experience-reloaded.de\/wp-content\/uploads\/2025\/05\/bb70379a-61a1-4c4d-9267-4401074347b5.jpg\" alt=\"\" srcset=\"https:\/\/experience-reloaded.de\/wp-content\/uploads\/2025\/05\/bb70379a-61a1-4c4d-9267-4401074347b5.jpg 1148w, https:\/\/experience-reloaded.de\/wp-content\/uploads\/2025\/05\/bb70379a-61a1-4c4d-9267-4401074347b5-169x300.jpg 169w, https:\/\/experience-reloaded.de\/wp-content\/uploads\/2025\/05\/bb70379a-61a1-4c4d-9267-4401074347b5-576x1024.jpg 576w, https:\/\/experience-reloaded.de\/wp-content\/uploads\/2025\/05\/bb70379a-61a1-4c4d-9267-4401074347b5-768x1365.jpg 768w, https:\/\/experience-reloaded.de\/wp-content\/uploads\/2025\/05\/bb70379a-61a1-4c4d-9267-4401074347b5-864x1536.jpg 864w\" sizes=\"(max-width: 400px) 100vw, 400px\" \/><\/td><td><strong>Steffi &amp; Uwe<\/strong><br>Ford Tourneo Custum Titanium X 8Sitzer, 185PS, Bj. 12.2020, Gewindefahrwerk V-Maxx, RDX Frontspoiler mit Eigenumbau auf Wabengrill und zus\u00e4tzlichen LED\u2019s, Gummilippe Ecliz, unterer Grill Van-X Wabe, oberer Grill Van-X Wabe, B\u00f6serBlick RDX, Trittbretter Germansell, Dachspoiler RDX, R\u00fcckleuchten Van-X LED, Schwarze Bremmsleuchte, Felge Schmidt Tyron 20\u201c gepulvert, Spurverbreiterung 25mm hinten, Spurverbreiterung 10mm vorn, Windabweiser Cleamcare, Teilfolierung selbst gestaltet, Front SoundsystemAlpine, Rear Soundsystem Emphaser, Bass Helix K8E.2, Endstufe Match UP8 DSP, diverse Lichter ausgetauscht, abnehmbare Anh\u00e4ngerkupplung Brink<\/td><\/tr><tr><td><\/td><td><\/td><\/tr><\/tbody><\/table><\/figure>\n<\/div><\/div>\n<\/div>\n<\/div>\n\n\n\n<p><\/p>\n","protected":false},"excerpt":{"rendered":"<p>Was w\u00e4re ein Verein ohne seine Mitglieder. Deshalb ist es uns eine Freude euch unsere bisherigen Mitglieder vorzustellen: Mario B.&#8222;Alles original au\u00dfer die Folie&#8220;, 130 &hellip;<\/p>\n","protected":false},"author":3,"featured_media":199,"parent":0,"menu_order":0,"comment_status":"closed","ping_status":"closed","template":"","meta":{"footnotes":""},"class_list":["post-71","page","type-page","status-publish","has-post-thumbnail","hentry"],"aioseo_notices":[],"jetpack_sharing_enabled":true,"_links":{"self":[{"href":"https:\/\/experience-reloaded.de\/index.php?rest_route=\/wp\/v2\/pages\/71","targetHints":{"allow":["GET"]}}],"collection":[{"href":"https:\/\/experience-reloaded.de\/index.php?rest_route=\/wp\/v2\/pages"}],"about":[{"href":"https:\/\/experience-reloaded.de\/index.php?rest_route=\/wp\/v2\/types\/page"}],"author":[{"embeddable":true,"href":"https:\/\/experience-reloaded.de\/index.php?rest_route=\/wp\/v2\/users\/3"}],"replies":[{"embeddable":true,"href":"https:\/\/experience-reloaded.de\/index.php?rest_route=%2Fwp%2Fv2%2Fcomments&post=71"}],"version-history":[{"count":33,"href":"https:\/\/experience-reloaded.de\/index.php?rest_route=\/wp\/v2\/pages\/71\/revisions"}],"predecessor-version":[{"id":878,"href":"https:\/\/experience-reloaded.de\/index.php?rest_route=\/wp\/v2\/pages\/71\/revisions\/878"}],"wp:featuredmedia":[{"embeddable":true,"href":"https:\/\/experience-reloaded.de\/index.php?rest_route=\/wp\/v2\/media\/199"}],"wp:attachment":[{"href":"https:\/\/experience-reloaded.de\/index.php?rest_route=%2Fwp%2Fv2%2Fmedia&parent=71"}],"curies":[{"name":"wp","href":"https:\/\/api.w.org\/{rel}","templated":true}]}}